{"id":373,"date":"2025-09-16T21:45:34","date_gmt":"2025-09-16T21:45:34","guid":{"rendered":"https:\/\/bisca.it\/?page_id=373"},"modified":"2025-10-07T20:30:50","modified_gmt":"2025-10-07T20:30:50","slug":"download","status":"publish","type":"page","link":"https:\/\/bisca.it\/index.php\/download\/","title":{"rendered":"ASCOLTA\/SCARICA"},"content":{"rendered":"\n<p class=\"has-white-color has-text-color has-link-color has-medium-font-size wp-elements-b4feaa4e1b038c99750488e1b1f3d93f\">Ascolta, Apprezza, Diffondi &amp; Scarica<br>Riempi i campi sottostanti e invia per ascoltare e scaricare BISCA<\/p>\n\n\n\n<div class=\"wp-block-columns is-layout-flex wp-container-core-columns-is-layout-9d6595d7 wp-block-columns-is-layout-flex\">\n<div class=\"wp-block-column is-layout-flow wp-block-column-is-layout-flow\" style=\"flex-basis:66.66%\"><style id=\"wpforms-css-vars-370-block-45cd65a7-fc18-40db-a788-636418a565af\">\n\t\t\t\t#wpforms-370.wpforms-block-45cd65a7-fc18-40db-a788-636418a565af {\n\t\t\t\t--wpforms-label-color: #e51f1f;\n--wpforms-label-sublabel-color: #5da534;\n--wpforms-field-text-color: rgba(0, 0, 0, 0.7);\n--wpforms-button-background-color: #369d34;\n--wpforms-field-size-input-height: 31px;\n--wpforms-field-size-input-spacing: 10px;\n--wpforms-field-size-font-size: 14px;\n--wpforms-field-size-line-height: 17px;\n--wpforms-field-size-padding-h: 9px;\n--wpforms-field-size-checkbox-size: 14px;\n--wpforms-field-size-sublabel-spacing: 5px;\n--wpforms-field-size-icon-size: 0.75;\n--wpforms-label-size-font-size: 16px;\n--wpforms-label-size-line-height: 19px;\n--wpforms-label-size-sublabel-font-size: 14px;\n--wpforms-label-size-sublabel-line-height: 17px;\n--wpforms-button-size-font-size: 17px;\n--wpforms-button-size-height: 41px;\n--wpforms-button-size-padding-h: 15px;\n--wpforms-button-size-margin-top: 10px;\n\n\t\t\t}\n\t\t\t<\/style><div class=\"wpforms-container wpforms-container-full wpforms-block wpforms-block-45cd65a7-fc18-40db-a788-636418a565af wpforms-render-modern\" id=\"wpforms-370\"><form id=\"wpforms-form-370\" class=\"wpforms-validate wpforms-form wpforms-ajax-form\" data-formid=\"370\" method=\"post\" enctype=\"multipart\/form-data\" action=\"\/index.php\/wp-json\/wp\/v2\/pages\/373\" data-token=\"40d001b93eaa054e248e30a64ba6e60f\" data-token-time=\"1776940644\"><noscript class=\"wpforms-error-noscript\">Abilita JavaScript nel browser per completare questo modulo.<\/noscript><div id=\"wpforms-error-noscript\" style=\"display: none;\">Abilita JavaScript nel browser per completare questo modulo.<\/div><div class=\"wpforms-field-container\">\t\t<div id=\"wpforms-370-field_1-container\"\n\t\t\tclass=\"wpforms-field wpforms-field-text\"\n\t\t\tdata-field-type=\"text\"\n\t\t\tdata-field-id=\"1\"\n\t\t\t>\n\t\t\t<label class=\"wpforms-field-label\" for=\"wpforms-370-field_1\" >Nome Email<\/label>\n\t\t\t<input type=\"text\" id=\"wpforms-370-field_1\" class=\"wpforms-field-medium\" name=\"wpforms[fields][1]\" >\n\t\t<\/div>\n\t\t<div id=\"wpforms-370-field_3-container\" class=\"wpforms-field wpforms-field-name\" data-field-id=\"3\"><fieldset><legend class=\"wpforms-field-label\">Nome <span class=\"wpforms-required-label\" aria-hidden=\"true\">*<\/span><\/legend><div class=\"wpforms-field-row wpforms-field-medium\"><div class=\"wpforms-field-row-block wpforms-first wpforms-one-half\"><input type=\"text\" id=\"wpforms-370-field_3\" class=\"wpforms-field-name-first wpforms-field-required\" name=\"wpforms[fields][3][first]\" aria-errormessage=\"wpforms-370-field_3-error\" required><label for=\"wpforms-370-field_3\" class=\"wpforms-field-sublabel after\">Nome<\/label><\/div><div class=\"wpforms-field-row-block wpforms-one-half\"><input type=\"text\" id=\"wpforms-370-field_3-last\" class=\"wpforms-field-name-last wpforms-field-required\" name=\"wpforms[fields][3][last]\" aria-errormessage=\"wpforms-370-field_3-last-error\" required><label for=\"wpforms-370-field_3-last\" class=\"wpforms-field-sublabel after\">Cognome<\/label><\/div><\/div><\/fieldset><\/div><div id=\"wpforms-370-field_2-container\" class=\"wpforms-field wpforms-field-email\" data-field-id=\"2\"><label class=\"wpforms-field-label\" for=\"wpforms-370-field_2\">Email <span class=\"wpforms-required-label\" aria-hidden=\"true\">*<\/span><\/label><input type=\"email\" id=\"wpforms-370-field_2\" class=\"wpforms-field-medium wpforms-field-required\" name=\"wpforms[fields][2]\" spellcheck=\"false\" aria-errormessage=\"wpforms-370-field_2-error\" required><\/div><script>\n\t\t\t\t( function() {\n\t\t\t\t\tconst style = document.createElement( 'style' );\n\t\t\t\t\tstyle.appendChild( document.createTextNode( '#wpforms-370-field_1-container { position: absolute !important; overflow: hidden !important; display: inline !important; height: 1px !important; width: 1px !important; z-index: -1000 !important; padding: 0 !important; } #wpforms-370-field_1-container input { visibility: hidden; } #wpforms-conversational-form-page #wpforms-370-field_1-container label { counter-increment: none; }' ) );\n\t\t\t\t\tdocument.head.appendChild( style );\n\t\t\t\t\tdocument.currentScript?.remove();\n\t\t\t\t} )();\n\t\t\t<\/script><\/div><!-- .wpforms-field-container --><div class=\"wpforms-submit-container\" ><input type=\"hidden\" name=\"wpforms[id]\" value=\"370\"><input type=\"hidden\" name=\"page_title\" value=\"\"><input type=\"hidden\" name=\"page_url\" value=\"https:\/\/bisca.it\/index.php\/wp-json\/wp\/v2\/pages\/373\"><input type=\"hidden\" name=\"url_referer\" value=\"\"><button type=\"submit\" name=\"wpforms[submit]\" id=\"wpforms-submit-370\" class=\"wpforms-submit\" data-alt-text=\"Invio in corso...\" data-submit-text=\"Invia\" aria-live=\"assertive\" value=\"wpforms-submit\">Invia<\/button><img loading=\"lazy\" decoding=\"async\" src=\"https:\/\/bisca.it\/wp-content\/plugins\/wpforms-lite\/assets\/images\/submit-spin.svg\" class=\"wpforms-submit-spinner\" style=\"display: none;\" width=\"26\" height=\"26\" alt=\"Caricamento\"><\/div><\/form><\/div>  <!-- .wpforms-container --><\/div>\n\n\n\n<div class=\"wp-block-column is-layout-flow wp-block-column-is-layout-flow\" style=\"flex-basis:33.33%\">\n<p class=\"p { text-align: justify; } has-white-color has-text-color has-link-color has-medium-font-size wp-elements-9a62c7b6a8e2f6472b34356c83f94e50\">Scarica gratis la nostra musica! <br>Da adesso \u00e8 disponibile un pacchetto di pezzi (perlopi\u00f9 quelli che hanno subito negli ultimi anni la censura pi\u00f9 dura e viscida da parte delle \u201cforme piatte digitali\u201d) da poter scaricare gratuitamente sui tuoi dispositivi.<br>Basta andare alla pagina &#8220;ASCOLTA\/SCARICA&#8221; del sito web ufficiale BISCA  lasciare la propria mail e sarete reindizizzati alla pagina &#8220;BISCAsuona&#8221; dove poter ascoltare e scaricare i brani. <br>Il gioco \u00e8 fatto!<\/p>\n<\/div>\n<\/div>\n\n\n\n<p class=\"p { text-align: justify; } has-white-color has-text-color has-link-color has-medium-font-size wp-elements-c804be6b40ed21bb432bbb3ecbc4ae61\"><br>La ragione per cui facciamo questo \u00e8 presto detta: la distribuzione della nostra musica in formato \u201cfisico\u201d (cd e lp) ha un indubbio fascino ma anche un limite: la grande lentezza con cui il nostro \u201dmentefatto (manufatto della mente)\u201d si diffonde.<br>Questo \u00e8 pernicioso e rischia di penalizzare la comunicazione stessa, specie per quei pezzi che trasudano contemporaneit\u00e0 da tutti i pori.<br>Inoltre costruire una lista di persone in contatto con la nostra musica pu\u00f2 essere un buon espediente per sottrarre alle \u201cforme piatte proprietarie\u201d il controllo pressoch\u00e9 totale del flusso in ascolto.<br>Tra l\u2019altro mette al riparo i fan dalle sempre possibili e probabili campagne censorie che ultimamente tanto vanno di moda nello spazio della connessione perenne.<br>Infine, immaginare una \u201cviralit\u00e0\u201d dal basso in cui gli appassionati si scambiano file di cose per loro \u201cimportanti\u201d m\u2019intriga non poco: il nuovo \u201cpassa parola\u201d del terzo millennio!<br>Senti come suona BISCA<\/p>\n","protected":false},"excerpt":{"rendered":"<p>Ascolta, Apprezza, Diffondi &amp; ScaricaRiempi i campi sottostanti e invia per ascoltare e scaricare BISCA Scarica gratis la nostra musica! Da adesso \u00e8 disponibile un pacchetto di pezzi (perlopi\u00f9 quelli che hanno subito negli ultimi anni la censura pi\u00f9 dura e viscida da parte delle \u201cforme piatte digitali\u201d) da poter scaricare gratuitamente sui tuoi dispositivi.Basta [&hellip;]<\/p>\n","protected":false},"author":1,"featured_media":0,"parent":0,"menu_order":0,"comment_status":"closed","ping_status":"closed","template":"","meta":{"_themeisle_gutenberg_block_has_review":false,"footnotes":""},"class_list":["post-373","page","type-page","status-publish","hentry"],"_links":{"self":[{"href":"https:\/\/bisca.it\/index.php\/wp-json\/wp\/v2\/pages\/373","targetHints":{"allow":["GET"]}}],"collection":[{"href":"https:\/\/bisca.it\/index.php\/wp-json\/wp\/v2\/pages"}],"about":[{"href":"https:\/\/bisca.it\/index.php\/wp-json\/wp\/v2\/types\/page"}],"author":[{"embeddable":true,"href":"https:\/\/bisca.it\/index.php\/wp-json\/wp\/v2\/users\/1"}],"replies":[{"embeddable":true,"href":"https:\/\/bisca.it\/index.php\/wp-json\/wp\/v2\/comments?post=373"}],"version-history":[{"count":24,"href":"https:\/\/bisca.it\/index.php\/wp-json\/wp\/v2\/pages\/373\/revisions"}],"predecessor-version":[{"id":490,"href":"https:\/\/bisca.it\/index.php\/wp-json\/wp\/v2\/pages\/373\/revisions\/490"}],"wp:attachment":[{"href":"https:\/\/bisca.it\/index.php\/wp-json\/wp\/v2\/media?parent=373"}],"curies":[{"name":"wp","href":"https:\/\/api.w.org\/{rel}","templated":true}]}}